{"id":55,"date":"2021-10-02T10:17:33","date_gmt":"2021-10-02T10:17:33","guid":{"rendered":"https:\/\/stage.metalteco.com\/?page_id=9987"},"modified":"2022-10-03T19:41:22","modified_gmt":"2022-10-03T19:41:22","slug":"catalogos-puertos","status":"publish","type":"page","link":"https:\/\/stage.metalteco.com\/en\/catalogos-puertos\/","title":{"rendered":"PORT MACHINERY CATALOGS"},"content":{"rendered":"<div data-elementor-type=\"wp-page\" data-elementor-id=\"55\" class=\"elementor elementor-55\" data-elementor-post-type=\"page\">\n\t\t\t\t\t\t<section class=\"elementor-section elementor-top-section elementor-element elementor-element-526cc21e elementor-section-stretched elementor-section-full_width elementor-section-height-default elementor-section-height-default\" data-id=\"526cc21e\" data-element_type=\"section\" data-e-type=\"section\" data-settings=\"{&quot;stretch_section&quot;:&quot;section-stretched&quot;}\">\n\t\t\t\t\t\t<div class=\"elementor-container elementor-column-gap-no\">\n\t\t\t\t\t<div class=\"elementor-column elementor-col-100 elementor-top-column elementor-element elementor-element-1f7c1c3a\" data-id=\"1f7c1c3a\" data-element_type=\"column\" data-e-type=\"column\">\n\t\t\t<div class=\"elementor-widget-wrap elementor-element-populated\">\n\t\t\t\t\t\t\t<\/div>\n\t\t<\/div>\n\t\t\t\t\t<\/div>\n\t\t<\/section>\n\t\t\t\t<div class=\"elementor-section elementor-top-section elementor-element elementor-element-a8aad5c elementor-section-full_width elementor-section-stretched elementor-section-height-default elementor-section-height-default\" data-id=\"a8aad5c\" data-element_type=\"section\" data-e-type=\"section\" data-settings=\"{&quot;stretch_section&quot;:&quot;section-stretched&quot;}\">\n\t\t\t\t\t\t<div class=\"elementor-container elementor-column-gap-no\">\n\t\t\t\t\t<div class=\"elementor-column elementor-col-100 elementor-top-column elementor-element elementor-element-5e0d09e\" data-id=\"5e0d09e\" data-element_type=\"column\" data-e-type=\"column\">\n\t\t\t<div class=\"elementor-widget-wrap elementor-element-populated\">\n\t\t\t\t\t\t<div class=\"elementor-element elementor-element-0deba1f elementor-widget elementor-widget-template\" data-id=\"0deba1f\" data-element_type=\"widget\" data-e-type=\"widget\" data-widget_type=\"template.default\">\n\t\t\t\t<div class=\"elementor-widget-container\">\n\t\t\t\t\t\t\t<div class=\"elementor-template\">\n\t\t\t\t\t<div data-elementor-type=\"section\" data-elementor-id=\"4292\" class=\"elementor elementor-4292\" data-elementor-post-type=\"elementor_library\">\n\t\t\t\t\t<header class=\"elementor-section elementor-top-section elementor-element elementor-element-a9d4ebf elementor-section-full_width elementor-section-height-min-height elementor-section-items-bottom elementor-section-height-default\" data-id=\"a9d4ebf\" data-element_type=\"section\" data-e-type=\"section\" data-settings=\"{&quot;background_background&quot;:&quot;classic&quot;}\">\n\t\t\t\t\t\t<div class=\"elementor-container elementor-column-gap-no\">\n\t\t\t\t\t<div class=\"elementor-column elementor-col-100 elementor-top-column elementor-element elementor-element-1e1dbf3\" data-id=\"1e1dbf3\" data-element_type=\"column\" data-e-type=\"column\">\n\t\t\t<div class=\"elementor-widget-wrap elementor-element-populated\">\n\t\t\t\t\t\t<section class=\"elementor-section elementor-inner-section elementor-element elementor-element-2c6c2d3 elementor-section-boxed elementor-section-height-default elementor-section-height-default\" data-id=\"2c6c2d3\" data-element_type=\"section\" data-e-type=\"section\">\n\t\t\t\t\t\t<div class=\"elementor-container elementor-column-gap-default\">\n\t\t\t\t\t<div class=\"elementor-column elementor-col-100 elementor-inner-column elementor-element elementor-element-f0fc2f8\" data-id=\"f0fc2f8\" data-element_type=\"column\" data-e-type=\"column\">\n\t\t\t<div class=\"elementor-widget-wrap elementor-element-populated\">\n\t\t\t\t\t\t<div class=\"elementor-element elementor-element-dd64de0 elementor-widget elementor-widget-heading\" data-id=\"dd64de0\" data-element_type=\"widget\" data-e-type=\"widget\" data-widget_type=\"heading.default\">\n\t\t\t\t<div class=\"elementor-widget-container\">\n\t\t\t\t\t<h2 class=\"elementor-heading-title elementor-size-default\">Metalteco<\/h2>\t\t\t\t<\/div>\n\t\t\t\t<\/div>\n\t\t\t\t<div class=\"elementor-element elementor-element-f267f5b elementor-widget elementor-widget-heading\" data-id=\"f267f5b\" data-element_type=\"widget\" data-e-type=\"widget\" data-widget_type=\"heading.default\">\n\t\t\t\t<div class=\"elementor-widget-container\">\n\t\t\t\t\t<h2 class=\"elementor-heading-title elementor-size-default\">Catalogs.<\/h2>\t\t\t\t<\/div>\n\t\t\t\t<\/div>\n\t\t\t\t\t<\/div>\n\t\t<\/div>\n\t\t\t\t\t<\/div>\n\t\t<\/section>\n\t\t\t\t\t<\/div>\n\t\t<\/div>\n\t\t\t\t\t<\/div>\n\t\t<\/header>\n\t\t\t\t<\/div>\n\t\t\t\t<\/div>\n\t\t\t\t\t\t<\/div>\n\t\t\t\t<\/div>\n\t\t\t\t\t<\/div>\n\t\t<\/div>\n\t\t\t\t\t<\/div>\n\t\t<\/div>\n\t\t\t\t<section class=\"elementor-section elementor-top-section elementor-element elementor-element-256ff932 elementor-section-boxed elementor-section-height-default elementor-section-height-default\" data-id=\"256ff932\" data-element_type=\"section\" data-e-type=\"section\">\n\t\t\t\t\t\t<div class=\"elementor-container elementor-column-gap-no\">\n\t\t\t\t\t<div class=\"elementor-column elementor-col-100 elementor-top-column elementor-element elementor-element-7934fe6f\" data-id=\"7934fe6f\" data-element_type=\"column\" data-e-type=\"column\">\n\t\t\t<div class=\"elementor-widget-wrap elementor-element-populated\">\n\t\t\t\t\t\t<div class=\"elementor-element elementor-element-151e2866 elementor-widget elementor-widget-heading\" data-id=\"151e2866\" data-element_type=\"widget\" data-e-type=\"widget\" data-widget_type=\"heading.default\">\n\t\t\t\t<div class=\"elementor-widget-container\">\n\t\t\t\t\t<h1 class=\"elementor-heading-title elementor-size-default\">CAT\u00c1LOGOS PUERTOS<span style=\"color: #ed1c24\">.<\/span><\/h1>\t\t\t\t<\/div>\n\t\t\t\t<\/div>\n\t\t\t\t<div class=\"elementor-element elementor-element-1c219f50 elementor-widget elementor-widget-text-editor\" data-id=\"1c219f50\" data-element_type=\"widget\" data-e-type=\"widget\" data-widget_type=\"text-editor.default\">\n\t\t\t\t<div class=\"elementor-widget-container\">\n\t\t\t\t\t\t\t\t\t<p style=\"text-align: center;\">Download the catalogs that <strong>Metalteco<\/strong> has made available to you. If you need <strong>more information, contact us<\/strong>.<\/p>\t\t\t\t\t\t\t\t<\/div>\n\t\t\t\t<\/div>\n\t\t\t\t\t<\/div>\n\t\t<\/div>\n\t\t\t\t\t<\/div>\n\t\t<\/section>\n\t\t\t\t<section class=\"elementor-section elementor-top-section elementor-element elementor-element-61b37fa elementor-section-boxed elementor-section-height-default elementor-section-height-default\" data-id=\"61b37fa\" data-element_type=\"section\" data-e-type=\"section\">\n\t\t\t\t\t\t<div class=\"elementor-container elementor-column-gap-no\">\n\t\t\t\t\t<div class=\"elementor-column elementor-col-100 elementor-top-column elementor-element elementor-element-35fffe7d\" data-id=\"35fffe7d\" data-element_type=\"column\" data-e-type=\"column\">\n\t\t\t<div class=\"elementor-widget-wrap elementor-element-populated\">\n\t\t\t\t\t\t<div class=\"elementor-element elementor-element-10896e55 elementor-grid-eael-col-5 elementor-grid-tablet-eael-col-2 elementor-grid-mobile-eael-col-1 elementor-widget elementor-widget-eael-post-grid\" data-id=\"10896e55\" data-element_type=\"widget\" data-e-type=\"widget\" data-settings=\"{&quot;eael_post_grid_columns&quot;:&quot;eael-col-5&quot;,&quot;eael_post_grid_columns_tablet&quot;:&quot;eael-col-2&quot;,&quot;eael_post_grid_columns_mobile&quot;:&quot;eael-col-1&quot;}\" data-widget_type=\"eael-post-grid.default\">\n\t\t\t\t<div class=\"elementor-widget-container\">\n\t\t\t\t\t<div id=\"eael-post-grid-10896e55\" class=\"eael-post-grid-container\">\n            <div class=\"eael-post-grid eael-post-appender eael-post-appender-10896e55 eael-post-grid-style-one\" data-layout-mode=\"masonry\"><article class=\"eael-grid-post  eael-post-grid-column eael-pg-post-965 category-catalogos-puertos\" data-id=\"965\">\n        <div class=\"eael-grid-post-holder\">\n            <div class=\"eael-grid-post-holder-inner\"><div class=\"eael-entry-media\"><div class=\"eael-entry-overlay fade-in\"><img decoding=\"async\" src=\"https:\/\/stage.metalteco.com\/wp-content\/uploads\/2022\/08\/icono-metalteco.svg\" alt=\"Metalteco Icon\" \/><a href=\"https:\/\/stage.metalteco.com\/en\/catalogo-general-puertos\/\"><\/a><\/div><div class=\"eael-entry-thumbnail\">\n                <img fetchpriority=\"high\" decoding=\"async\" width=\"480\" height=\"480\" src=\"https:\/\/stage.metalteco.com\/wp-content\/uploads\/puertos-catalogo-metalteco-miniatura.jpg\" class=\"attachment-full size-full wp-image-57\" alt=\"\" srcset=\"https:\/\/stage.metalteco.com\/wp-content\/uploads\/puertos-catalogo-metalteco-miniatura.jpg 480w, https:\/\/stage.metalteco.com\/wp-content\/uploads\/puertos-catalogo-metalteco-miniatura-300x300.jpg 300w, https:\/\/stage.metalteco.com\/wp-content\/uploads\/puertos-catalogo-metalteco-miniatura-150x150.jpg 150w\" sizes=\"(max-width: 480px) 100vw, 480px\" \/>\n            <\/div>\n        <\/div><div class=\"eael-entry-wrapper\"><header class=\"eael-entry-header\"><h2 class=\"eael-entry-title\"><a class=\"eael-grid-post-link\" href=\"https:\/\/stage.metalteco.com\/en\/catalogo-general-puertos\/\" title=\"CAT\u00c1LOGO GENERAL PUERTOS\">CAT\u00c1LOGO GENERAL PUERTOS<\/a><\/h2><\/header><\/div><\/div>\n        <\/div>\n    <\/article><article class=\"eael-grid-post  eael-post-grid-column eael-pg-post-961 category-catalogos-puertos\" data-id=\"961\">\n        <div class=\"eael-grid-post-holder\">\n            <div class=\"eael-grid-post-holder-inner\"><div class=\"eael-entry-media\"><div class=\"eael-entry-overlay fade-in\"><img decoding=\"async\" src=\"https:\/\/stage.metalteco.com\/wp-content\/uploads\/2022\/08\/icono-metalteco.svg\" alt=\"Metalteco Icon\" \/><a href=\"https:\/\/stage.metalteco.com\/en\/catalogo-bascula-de-paso\/\"><\/a><\/div><div class=\"eael-entry-thumbnail\">\n                <img decoding=\"async\" width=\"480\" height=\"480\" src=\"https:\/\/stage.metalteco.com\/wp-content\/uploads\/bascula-granel-paso-metalteco-min.jpg\" class=\"attachment-full size-full wp-image-58\" alt=\"\" srcset=\"https:\/\/stage.metalteco.com\/wp-content\/uploads\/bascula-granel-paso-metalteco-min.jpg 480w, https:\/\/stage.metalteco.com\/wp-content\/uploads\/bascula-granel-paso-metalteco-min-300x300.jpg 300w, https:\/\/stage.metalteco.com\/wp-content\/uploads\/bascula-granel-paso-metalteco-min-150x150.jpg 150w\" sizes=\"(max-width: 480px) 100vw, 480px\" \/>\n            <\/div>\n        <\/div><div class=\"eael-entry-wrapper\"><header class=\"eael-entry-header\"><h2 class=\"eael-entry-title\"><a class=\"eael-grid-post-link\" href=\"https:\/\/stage.metalteco.com\/en\/catalogo-bascula-de-paso\/\" title=\"CAT\u00c1LOGO B\u00c1SCULA DE PASO\">CAT\u00c1LOGO B\u00c1SCULA DE PASO<\/a><\/h2><\/header><\/div><\/div>\n        <\/div>\n    <\/article><article class=\"eael-grid-post  eael-post-grid-column eael-pg-post-952 category-catalogos-estructuras-metalicas-catalogos-puertos\" data-id=\"952\">\n        <div class=\"eael-grid-post-holder\">\n            <div class=\"eael-grid-post-holder-inner\"><div class=\"eael-entry-media\"><div class=\"eael-entry-overlay fade-in\"><img decoding=\"async\" src=\"https:\/\/stage.metalteco.com\/wp-content\/uploads\/2022\/08\/icono-metalteco.svg\" alt=\"Metalteco Icon\" \/><a href=\"https:\/\/stage.metalteco.com\/en\/catalogo-estructuras-torres-y-pasarelas\/\"><\/a><\/div><div class=\"eael-entry-thumbnail\">\n                <img decoding=\"async\" width=\"480\" height=\"480\" src=\"https:\/\/stage.metalteco.com\/wp-content\/uploads\/estructuras-pasarelas-catalogo-metalteco-min.jpg\" class=\"attachment-full size-full wp-image-54\" alt=\"\" srcset=\"https:\/\/stage.metalteco.com\/wp-content\/uploads\/estructuras-pasarelas-catalogo-metalteco-min.jpg 480w, https:\/\/stage.metalteco.com\/wp-content\/uploads\/estructuras-pasarelas-catalogo-metalteco-min-300x300.jpg 300w, https:\/\/stage.metalteco.com\/wp-content\/uploads\/estructuras-pasarelas-catalogo-metalteco-min-150x150.jpg 150w\" sizes=\"(max-width: 480px) 100vw, 480px\" \/>\n            <\/div>\n        <\/div><div class=\"eael-entry-wrapper\"><header class=\"eael-entry-header\"><h2 class=\"eael-entry-title\"><a class=\"eael-grid-post-link\" href=\"https:\/\/stage.metalteco.com\/en\/catalogo-estructuras-torres-y-pasarelas\/\" title=\"CAT\u00c1LOGO ESTRUCTURAS, TORRES Y PASARELAS\">CAT\u00c1LOGO ESTRUCTURAS, TORRES Y PASARELAS<\/a><\/h2><\/header><\/div><\/div>\n        <\/div>\n    <\/article><article class=\"eael-grid-post  eael-post-grid-column eael-pg-post-950 category-balanceados-concentrados-catalogos-puertos\" data-id=\"950\">\n        <div class=\"eael-grid-post-holder\">\n            <div class=\"eael-grid-post-holder-inner\"><div class=\"eael-entry-media\"><div class=\"eael-entry-overlay fade-in\"><img decoding=\"async\" src=\"https:\/\/stage.metalteco.com\/wp-content\/uploads\/2022\/08\/icono-metalteco.svg\" alt=\"Metalteco Icon\" \/><a href=\"https:\/\/stage.metalteco.com\/en\/catalogo-banda-cerrada-sin-emisiones\/\"><\/a><\/div><div class=\"eael-entry-thumbnail\">\n                <img loading=\"lazy\" decoding=\"async\" width=\"480\" height=\"480\" src=\"https:\/\/stage.metalteco.com\/wp-content\/uploads\/transportador-banda-catalogo-metalteco-min.jpg\" class=\"attachment-full size-full wp-image-59\" alt=\"\" srcset=\"https:\/\/stage.metalteco.com\/wp-content\/uploads\/transportador-banda-catalogo-metalteco-min.jpg 480w, https:\/\/stage.metalteco.com\/wp-content\/uploads\/transportador-banda-catalogo-metalteco-min-300x300.jpg 300w, https:\/\/stage.metalteco.com\/wp-content\/uploads\/transportador-banda-catalogo-metalteco-min-150x150.jpg 150w\" sizes=\"(max-width: 480px) 100vw, 480px\" \/>\n            <\/div>\n        <\/div><div class=\"eael-entry-wrapper\"><header class=\"eael-entry-header\"><h2 class=\"eael-entry-title\"><a class=\"eael-grid-post-link\" href=\"https:\/\/stage.metalteco.com\/en\/catalogo-banda-cerrada-sin-emisiones\/\" title=\"CLOSED BAND CATALOG WITH NO EMISSIONS\">CLOSED BAND CATALOG WITH NO EMISSIONS<\/a><\/h2><\/header><\/div><\/div>\n        <\/div>\n    <\/article><article class=\"eael-grid-post  eael-post-grid-column eael-pg-post-617 category-balanceados-concentrados-catalogos-puertos\" data-id=\"617\">\n        <div class=\"eael-grid-post-holder\">\n            <div class=\"eael-grid-post-holder-inner\"><div class=\"eael-entry-media\"><div class=\"eael-entry-overlay fade-in\"><img decoding=\"async\" src=\"https:\/\/stage.metalteco.com\/wp-content\/uploads\/2022\/08\/icono-metalteco.svg\" alt=\"Metalteco Icon\" \/><a href=\"https:\/\/stage.metalteco.com\/en\/catalogo-elevador-de-cangilones\/\"><\/a><\/div><div class=\"eael-entry-thumbnail\">\n                <img loading=\"lazy\" decoding=\"async\" width=\"480\" height=\"480\" src=\"https:\/\/stage.metalteco.com\/wp-content\/uploads\/elevador-cangilones-catalogo-metalteco-min.jpg\" class=\"attachment-full size-full wp-image-60\" alt=\"\" srcset=\"https:\/\/stage.metalteco.com\/wp-content\/uploads\/elevador-cangilones-catalogo-metalteco-min.jpg 480w, https:\/\/stage.metalteco.com\/wp-content\/uploads\/elevador-cangilones-catalogo-metalteco-min-300x300.jpg 300w, https:\/\/stage.metalteco.com\/wp-content\/uploads\/elevador-cangilones-catalogo-metalteco-min-150x150.jpg 150w\" sizes=\"(max-width: 480px) 100vw, 480px\" \/>\n            <\/div>\n        <\/div><div class=\"eael-entry-wrapper\"><header class=\"eael-entry-header\"><h2 class=\"eael-entry-title\"><a class=\"eael-grid-post-link\" href=\"https:\/\/stage.metalteco.com\/en\/catalogo-elevador-de-cangilones\/\" title=\"BUCKET ELEVATOR CATALOG\">BUCKET ELEVATOR CATALOG<\/a><\/h2><\/header><\/div><\/div>\n        <\/div>\n    <\/article><article class=\"eael-grid-post  eael-post-grid-column eael-pg-post-615 category-balanceados-concentrados-catalogos-puertos\" data-id=\"615\">\n        <div class=\"eael-grid-post-holder\">\n            <div class=\"eael-grid-post-holder-inner\"><div class=\"eael-entry-media\"><div class=\"eael-entry-overlay fade-in\"><img decoding=\"async\" src=\"https:\/\/stage.metalteco.com\/wp-content\/uploads\/2022\/08\/icono-metalteco.svg\" alt=\"Metalteco Icon\" \/><a href=\"https:\/\/stage.metalteco.com\/en\/catalogo-transportador-de-cadena\/\"><\/a><\/div><div class=\"eael-entry-thumbnail\">\n                <img loading=\"lazy\" decoding=\"async\" width=\"480\" height=\"480\" src=\"https:\/\/stage.metalteco.com\/wp-content\/uploads\/transportador-cadena-catalogo-metalteco-min.jpg\" class=\"attachment-full size-full wp-image-61\" alt=\"\" srcset=\"https:\/\/stage.metalteco.com\/wp-content\/uploads\/transportador-cadena-catalogo-metalteco-min.jpg 480w, https:\/\/stage.metalteco.com\/wp-content\/uploads\/transportador-cadena-catalogo-metalteco-min-300x300.jpg 300w, https:\/\/stage.metalteco.com\/wp-content\/uploads\/transportador-cadena-catalogo-metalteco-min-150x150.jpg 150w\" sizes=\"(max-width: 480px) 100vw, 480px\" \/>\n            <\/div>\n        <\/div><div class=\"eael-entry-wrapper\"><header class=\"eael-entry-header\"><h2 class=\"eael-entry-title\"><a class=\"eael-grid-post-link\" href=\"https:\/\/stage.metalteco.com\/en\/catalogo-transportador-de-cadena\/\" title=\"CHAIN CONVEYOR\">CHAIN CONVEYOR<\/a><\/h2><\/header><\/div><\/div>\n        <\/div>\n    <\/article><article class=\"eael-grid-post  eael-post-grid-column eael-pg-post-613 category-catalogos-puertos\" data-id=\"613\">\n        <div class=\"eael-grid-post-holder\">\n            <div class=\"eael-grid-post-holder-inner\"><div class=\"eael-entry-media\"><div class=\"eael-entry-overlay fade-in\"><img decoding=\"async\" src=\"https:\/\/stage.metalteco.com\/wp-content\/uploads\/2022\/08\/icono-metalteco.svg\" alt=\"Metalteco Icon\" \/><a href=\"https:\/\/stage.metalteco.com\/en\/catalogo-componentes-utilizados\/\"><\/a><\/div><div class=\"eael-entry-thumbnail\">\n                <img loading=\"lazy\" decoding=\"async\" width=\"480\" height=\"480\" src=\"https:\/\/stage.metalteco.com\/wp-content\/uploads\/motores-chumaceras-catalogo-metalteco-min.jpg\" class=\"attachment-full size-full wp-image-62\" alt=\"\" srcset=\"https:\/\/stage.metalteco.com\/wp-content\/uploads\/motores-chumaceras-catalogo-metalteco-min.jpg 480w, https:\/\/stage.metalteco.com\/wp-content\/uploads\/motores-chumaceras-catalogo-metalteco-min-300x300.jpg 300w, https:\/\/stage.metalteco.com\/wp-content\/uploads\/motores-chumaceras-catalogo-metalteco-min-150x150.jpg 150w\" sizes=\"(max-width: 480px) 100vw, 480px\" \/>\n            <\/div>\n        <\/div><div class=\"eael-entry-wrapper\"><header class=\"eael-entry-header\"><h2 class=\"eael-entry-title\"><a class=\"eael-grid-post-link\" href=\"https:\/\/stage.metalteco.com\/en\/catalogo-componentes-utilizados\/\" title=\"CAT\u00c1LOGO COMPONENTES UTILIZADOS\">CAT\u00c1LOGO COMPONENTES UTILIZADOS<\/a><\/h2><\/header><\/div><\/div>\n        <\/div>\n    <\/article><\/div>\n            <div class=\"clearfix\"><\/div>\n        <\/div>\t\t\t\t<\/div>\n\t\t\t\t<\/div>\n\t\t\t\t\t<\/div>\n\t\t<\/div>\n\t\t\t\t\t<\/div>\n\t\t<\/section>\n\t\t\t\t<\/div>","protected":false},"excerpt":{"rendered":"<p>CAT\u00c1LOGOS PUERTOS. Descarga los cat\u00e1logos que Metalteco ha puesto a tu disposici\u00f3n. Si necesitas m\u00e1s informaci\u00f3n, cont\u00e1ctanos. CAT\u00c1LOGO GENERAL PUERTOS CAT\u00c1LOGO B\u00c1SCULA DE PASO CAT\u00c1LOGO ESTRUCTURAS, TORRES Y PASARELAS CAT\u00c1LOGO BANDA CERRADA SIN EMISIONES CAT\u00c1LOGO ELEVADOR DE CANGILONES TRANSPORTADOR DE CADENA CAT\u00c1LOGO COMPONENTES UTILIZADOS<\/p>","protected":false},"author":3,"featured_media":36,"parent":0,"menu_order":0,"comment_status":"closed","ping_status":"closed","template":"elementor_header_footer","meta":{"site-sidebar-layout":"no-sidebar","site-content-layout":"page-builder","ast-site-content-layout":"default","site-content-style":"default","site-sidebar-style":"default","ast-global-header-display":"","ast-banner-title-visibility":"","ast-main-header-display":"","ast-hfb-above-header-display":"","ast-hfb-below-header-display":"","ast-hfb-mobile-header-display":"","site-post-title":"disabled","ast-breadcrumbs-content":"","ast-featured-img":"disabled","footer-sml-layout":"","ast-disable-related-posts":"","theme-transparent-header-meta":"default","adv-header-id-meta":"","stick-header-meta":"","header-above-stick-meta":"","header-main-stick-meta":"","header-below-stick-meta":"","astra-migrate-meta-layouts":"default","ast-page-background-enabled":"default","ast-page-background-meta":{"desktop":{"background-color":"var(--ast-global-color-4)","background-image":"","background-repeat":"repeat","background-position":"center center","background-size":"auto","background-attachment":"scroll","background-type":"","background-media":"","overlay-type":"","overlay-color":"","overlay-opacity":"","overlay-gradient":""},"tablet":{"background-color":"","background-image":"","background-repeat":"repeat","background-position":"center center","background-size":"auto","background-attachment":"scroll","background-type":"","background-media":"","overlay-type":"","overlay-color":"","overlay-opacity":"","overlay-gradient":""},"mobile":{"background-color":"","background-image":"","background-repeat":"repeat","background-position":"center center","background-size":"auto","background-attachment":"scroll","background-type":"","background-media":"","overlay-type":"","overlay-color":"","overlay-opacity":"","overlay-gradient":""}},"ast-content-background-meta":{"desktop":{"background-color":"var(--ast-global-color-5)","background-image":"","background-repeat":"repeat","background-position":"center center","background-size":"auto","background-attachment":"scroll","background-type":"","background-media":"","overlay-type":"","overlay-color":"","overlay-opacity":"","overlay-gradient":""},"tablet":{"background-color":"var(--ast-global-color-5)","background-image":"","background-repeat":"repeat","background-position":"center center","background-size":"auto","background-attachment":"scroll","background-type":"","background-media":"","overlay-type":"","overlay-color":"","overlay-opacity":"","overlay-gradient":""},"mobile":{"background-color":"var(--ast-global-color-5)","background-image":"","background-repeat":"repeat","background-position":"center center","background-size":"auto","background-attachment":"scroll","background-type":"","background-media":"","overlay-type":"","overlay-color":"","overlay-opacity":"","overlay-gradient":""}},"footnotes":""},"class_list":["post-55","page","type-page","status-publish","has-post-thumbnail","hentry"],"_links":{"self":[{"href":"https:\/\/stage.metalteco.com\/en\/wp-json\/wp\/v2\/pages\/55","targetHints":{"allow":["GET"]}}],"collection":[{"href":"https:\/\/stage.metalteco.com\/en\/wp-json\/wp\/v2\/pages"}],"about":[{"href":"https:\/\/stage.metalteco.com\/en\/wp-json\/wp\/v2\/types\/page"}],"author":[{"embeddable":true,"href":"https:\/\/stage.metalteco.com\/en\/wp-json\/wp\/v2\/users\/3"}],"replies":[{"embeddable":true,"href":"https:\/\/stage.metalteco.com\/en\/wp-json\/wp\/v2\/comments?post=55"}],"version-history":[{"count":8,"href":"https:\/\/stage.metalteco.com\/en\/wp-json\/wp\/v2\/pages\/55\/revisions"}],"predecessor-version":[{"id":7569,"href":"https:\/\/stage.metalteco.com\/en\/wp-json\/wp\/v2\/pages\/55\/revisions\/7569"}],"wp:featuredmedia":[{"embeddable":true,"href":"https:\/\/stage.metalteco.com\/en\/wp-json\/wp\/v2\/media\/36"}],"wp:attachment":[{"href":"https:\/\/stage.metalteco.com\/en\/wp-json\/wp\/v2\/media?parent=55"}],"curies":[{"name":"wp","href":"https:\/\/api.w.org\/{rel}","templated":true}]}}