{"id":273,"date":"2019-10-10T00:29:00","date_gmt":"2019-10-10T00:29:00","guid":{"rendered":"https:\/\/stage.metalteco.com\/?page_id=78"},"modified":"2022-10-03T19:15:50","modified_gmt":"2022-10-03T19:15:50","slug":"videos","status":"publish","type":"page","link":"https:\/\/stage.metalteco.com\/en\/videos\/","title":{"rendered":"VIDEOS"},"content":{"rendered":"<div data-elementor-type=\"wp-page\" data-elementor-id=\"273\" class=\"elementor elementor-273\" data-elementor-post-type=\"page\">\n\t\t\t\t\t\t<div class=\"elementor-section elementor-top-section elementor-element elementor-element-02c8f8a elementor-section-full_width elementor-section-stretched elementor-section-height-default elementor-section-height-default\" data-id=\"02c8f8a\" data-element_type=\"section\" data-e-type=\"section\" data-settings=\"{&quot;stretch_section&quot;:&quot;section-stretched&quot;}\">\n\t\t\t\t\t\t<div class=\"elementor-container elementor-column-gap-no\">\n\t\t\t\t\t<div class=\"elementor-column elementor-col-100 elementor-top-column elementor-element elementor-element-bdc9175\" data-id=\"bdc9175\" data-element_type=\"column\" data-e-type=\"column\">\n\t\t\t<div class=\"elementor-widget-wrap elementor-element-populated\">\n\t\t\t\t\t\t<div class=\"elementor-element elementor-element-5adf9dc elementor-widget elementor-widget-template\" data-id=\"5adf9dc\" data-element_type=\"widget\" data-e-type=\"widget\" data-widget_type=\"template.default\">\n\t\t\t\t<div class=\"elementor-widget-container\">\n\t\t\t\t\t\t\t<div class=\"elementor-template\">\n\t\t\t\t\t<div data-elementor-type=\"section\" data-elementor-id=\"2499\" class=\"elementor elementor-2499\" data-elementor-post-type=\"elementor_library\">\n\t\t\t\t\t<header class=\"elementor-section elementor-top-section elementor-element elementor-element-0b00798 elementor-section-full_width elementor-section-height-min-height elementor-section-items-bottom elementor-section-height-default\" data-id=\"0b00798\" data-element_type=\"section\" data-e-type=\"section\" data-settings=\"{&quot;background_background&quot;:&quot;classic&quot;}\">\n\t\t\t\t\t\t<div class=\"elementor-container elementor-column-gap-no\">\n\t\t\t\t\t<div class=\"elementor-column elementor-col-100 elementor-top-column elementor-element elementor-element-a20d17e\" data-id=\"a20d17e\" data-element_type=\"column\" data-e-type=\"column\">\n\t\t\t<div class=\"elementor-widget-wrap elementor-element-populated\">\n\t\t\t\t\t\t<section class=\"elementor-section elementor-inner-section elementor-element elementor-element-a1f30c1 elementor-section-boxed elementor-section-height-default elementor-section-height-default\" data-id=\"a1f30c1\" data-element_type=\"section\" data-e-type=\"section\">\n\t\t\t\t\t\t<div class=\"elementor-container elementor-column-gap-default\">\n\t\t\t\t\t<div class=\"elementor-column elementor-col-100 elementor-inner-column elementor-element elementor-element-1c24523\" data-id=\"1c24523\" data-element_type=\"column\" data-e-type=\"column\">\n\t\t\t<div class=\"elementor-widget-wrap elementor-element-populated\">\n\t\t\t\t\t\t<div class=\"elementor-element elementor-element-c73a04f elementor-widget elementor-widget-heading\" data-id=\"c73a04f\" data-element_type=\"widget\" data-e-type=\"widget\" data-widget_type=\"heading.default\">\n\t\t\t\t<div class=\"elementor-widget-container\">\n\t\t\t\t\t<h2 class=\"elementor-heading-title elementor-size-default\">Projects<\/h2>\t\t\t\t<\/div>\n\t\t\t\t<\/div>\n\t\t\t\t<div class=\"elementor-element elementor-element-aa6f6ae elementor-widget elementor-widget-heading\" data-id=\"aa6f6ae\" data-element_type=\"widget\" data-e-type=\"widget\" data-widget_type=\"heading.default\">\n\t\t\t\t<div class=\"elementor-widget-container\">\n\t\t\t\t\t<h2 class=\"elementor-heading-title elementor-size-default\">Videos.<\/h2>\t\t\t\t<\/div>\n\t\t\t\t<\/div>\n\t\t\t\t\t<\/div>\n\t\t<\/div>\n\t\t\t\t\t<\/div>\n\t\t<\/section>\n\t\t\t\t\t<\/div>\n\t\t<\/div>\n\t\t\t\t\t<\/div>\n\t\t<\/header>\n\t\t\t\t<\/div>\n\t\t\t\t<\/div>\n\t\t\t\t\t\t<\/div>\n\t\t\t\t<\/div>\n\t\t\t\t\t<\/div>\n\t\t<\/div>\n\t\t\t\t\t<\/div>\n\t\t<\/div>\n\t\t\t\t<section class=\"elementor-section elementor-top-section elementor-element elementor-element-4b57b185 elementor-section-boxed elementor-section-height-default elementor-section-height-default\" data-id=\"4b57b185\" data-element_type=\"section\" data-e-type=\"section\">\n\t\t\t\t\t\t<div class=\"elementor-container elementor-column-gap-no\">\n\t\t\t\t\t<div class=\"elementor-column elementor-col-100 elementor-top-column elementor-element elementor-element-7796841e\" data-id=\"7796841e\" data-element_type=\"column\" data-e-type=\"column\">\n\t\t\t<div class=\"elementor-widget-wrap elementor-element-populated\">\n\t\t\t\t\t\t<div class=\"elementor-element elementor-element-3bde906e elementor-widget elementor-widget-heading\" data-id=\"3bde906e\" data-element_type=\"widget\" data-e-type=\"widget\" data-widget_type=\"heading.default\">\n\t\t\t\t<div class=\"elementor-widget-container\">\n\t\t\t\t\t<h1 class=\"elementor-heading-title elementor-size-default\">SEE ALL OUR VIDEOS<span style=\"color: #ed1c24\">.<\/span><\/h1>\t\t\t\t<\/div>\n\t\t\t\t<\/div>\n\t\t\t\t<div class=\"elementor-element elementor-element-46aedb66 elementor-widget elementor-widget-text-editor\" data-id=\"46aedb66\" data-element_type=\"widget\" data-e-type=\"widget\" data-widget_type=\"text-editor.default\">\n\t\t\t\t<div class=\"elementor-widget-container\">\n\t\t\t\t\t\t\t\t\t<p style=\"text-align: center;\">Enjoy our repertoire of videos.<\/p>\t\t\t\t\t\t\t\t<\/div>\n\t\t\t\t<\/div>\n\t\t\t\t\t<\/div>\n\t\t<\/div>\n\t\t\t\t\t<\/div>\n\t\t<\/section>\n\t\t\t\t<section class=\"elementor-section elementor-top-section elementor-element elementor-element-18f1779b elementor-section-boxed elementor-section-height-default elementor-section-height-default\" data-id=\"18f1779b\" data-element_type=\"section\" data-e-type=\"section\">\n\t\t\t\t\t\t<div class=\"elementor-container elementor-column-gap-no\">\n\t\t\t\t\t<div class=\"elementor-column elementor-col-100 elementor-top-column elementor-element elementor-element-75269941\" data-id=\"75269941\" data-element_type=\"column\" data-e-type=\"column\">\n\t\t\t<div class=\"elementor-widget-wrap elementor-element-populated\">\n\t\t\t\t\t\t<div class=\"elementor-element elementor-element-22a20f23 elementor-grid-eael-col-5 elementor-grid-tablet-eael-col-2 elementor-grid-mobile-eael-col-1 elementor-widget elementor-widget-eael-post-grid\" data-id=\"22a20f23\" data-element_type=\"widget\" data-e-type=\"widget\" data-settings=\"{&quot;eael_post_grid_columns&quot;:&quot;eael-col-5&quot;,&quot;eael_post_grid_columns_tablet&quot;:&quot;eael-col-2&quot;,&quot;eael_post_grid_columns_mobile&quot;:&quot;eael-col-1&quot;}\" data-widget_type=\"eael-post-grid.default\">\n\t\t\t\t<div class=\"elementor-widget-container\">\n\t\t\t\t\t<div id=\"eael-post-grid-22a20f23\" class=\"eael-post-grid-container\">\n            <div class=\"eael-post-grid eael-post-appender eael-post-appender-22a20f23 eael-post-grid-style-one\" data-layout-mode=\"masonry\"><article class=\"eael-grid-post  eael-post-grid-column eael-pg-post-287\" data-id=\"287\">\n        <div class=\"eael-grid-post-holder\">\n            <div class=\"eael-grid-post-holder-inner\"><div class=\"eael-entry-media\"><div class=\"eael-entry-overlay fade-in\"><img decoding=\"async\" src=\"https:\/\/stage.metalteco.com\/wp-content\/uploads\/2022\/08\/icono-metalteco.svg\" alt=\"Metalteco Icon\" \/><a href=\"https:\/\/stage.metalteco.com\/en\/metalteco-videos\/\"><\/a><\/div><div class=\"eael-entry-thumbnail\">\n                <img fetchpriority=\"high\" decoding=\"async\" width=\"480\" height=\"480\" src=\"https:\/\/stage.metalteco.com\/wp-content\/uploads\/corporativos-videos-miniatura.jpg\" class=\"attachment-full size-full wp-image-288\" alt=\"\" srcset=\"https:\/\/stage.metalteco.com\/wp-content\/uploads\/corporativos-videos-miniatura.jpg 480w, https:\/\/stage.metalteco.com\/wp-content\/uploads\/corporativos-videos-miniatura-300x300.jpg 300w, https:\/\/stage.metalteco.com\/wp-content\/uploads\/corporativos-videos-miniatura-150x150.jpg 150w\" sizes=\"(max-width: 480px) 100vw, 480px\" \/>\n            <\/div>\n        <\/div><div class=\"eael-entry-wrapper\"><header class=\"eael-entry-header\"><h2 class=\"eael-entry-title\"><a class=\"eael-grid-post-link\" href=\"https:\/\/stage.metalteco.com\/en\/metalteco-videos\/\" title=\"METALTECO VIDEOS\">METALTECO VIDEOS<\/a><\/h2><\/header><\/div><\/div>\n        <\/div>\n    <\/article><article class=\"eael-grid-post  eael-post-grid-column eael-pg-post-275\" data-id=\"275\">\n        <div class=\"eael-grid-post-holder\">\n            <div class=\"eael-grid-post-holder-inner\"><div class=\"eael-entry-media\"><div class=\"eael-entry-overlay fade-in\"><img decoding=\"async\" src=\"https:\/\/stage.metalteco.com\/wp-content\/uploads\/2022\/08\/icono-metalteco.svg\" alt=\"Metalteco Icon\" \/><a href=\"https:\/\/stage.metalteco.com\/en\/balanced-feed-mill-videos\/\"><\/a><\/div><div class=\"eael-entry-thumbnail\">\n                <img decoding=\"async\" width=\"480\" height=\"480\" src=\"https:\/\/stage.metalteco.com\/wp-content\/uploads\/balanceados-videos-miniatura.jpg\" class=\"attachment-full size-full wp-image-276\" alt=\"\" srcset=\"https:\/\/stage.metalteco.com\/wp-content\/uploads\/balanceados-videos-miniatura.jpg 480w, https:\/\/stage.metalteco.com\/wp-content\/uploads\/balanceados-videos-miniatura-300x300.jpg 300w, https:\/\/stage.metalteco.com\/wp-content\/uploads\/balanceados-videos-miniatura-150x150.jpg 150w\" sizes=\"(max-width: 480px) 100vw, 480px\" \/>\n            <\/div>\n        <\/div><div class=\"eael-entry-wrapper\"><header class=\"eael-entry-header\"><h2 class=\"eael-entry-title\"><a class=\"eael-grid-post-link\" href=\"https:\/\/stage.metalteco.com\/en\/balanced-feed-mill-videos\/\" title=\"BALANCED \/ FEED MILL VIDEOS\">BALANCED \/ FEED MILL VIDEOS<\/a><\/h2><\/header><\/div><\/div>\n        <\/div>\n    <\/article><article class=\"eael-grid-post  eael-post-grid-column eael-pg-post-297\" data-id=\"297\">\n        <div class=\"eael-grid-post-holder\">\n            <div class=\"eael-grid-post-holder-inner\"><div class=\"eael-entry-media\"><div class=\"eael-entry-overlay fade-in\"><img decoding=\"async\" src=\"https:\/\/stage.metalteco.com\/wp-content\/uploads\/2022\/08\/icono-metalteco.svg\" alt=\"Metalteco Icon\" \/><a href=\"https:\/\/stage.metalteco.com\/en\/palm-videos\/\"><\/a><\/div><div class=\"eael-entry-thumbnail\">\n                <img decoding=\"async\" width=\"480\" height=\"480\" src=\"https:\/\/stage.metalteco.com\/wp-content\/uploads\/palma-videos-miniatura.jpg\" class=\"attachment-full size-full wp-image-298\" alt=\"\" srcset=\"https:\/\/stage.metalteco.com\/wp-content\/uploads\/palma-videos-miniatura.jpg 480w, https:\/\/stage.metalteco.com\/wp-content\/uploads\/palma-videos-miniatura-300x300.jpg 300w, https:\/\/stage.metalteco.com\/wp-content\/uploads\/palma-videos-miniatura-150x150.jpg 150w\" sizes=\"(max-width: 480px) 100vw, 480px\" \/>\n            <\/div>\n        <\/div><div class=\"eael-entry-wrapper\"><header class=\"eael-entry-header\"><h2 class=\"eael-entry-title\"><a class=\"eael-grid-post-link\" href=\"https:\/\/stage.metalteco.com\/en\/palm-videos\/\" title=\"PALM VIDEOS\">PALM VIDEOS<\/a><\/h2><\/header><\/div><\/div>\n        <\/div>\n    <\/article><article class=\"eael-grid-post  eael-post-grid-column eael-pg-post-300\" data-id=\"300\">\n        <div class=\"eael-grid-post-holder\">\n            <div class=\"eael-grid-post-holder-inner\"><div class=\"eael-entry-media\"><div class=\"eael-entry-overlay fade-in\"><img decoding=\"async\" src=\"https:\/\/stage.metalteco.com\/wp-content\/uploads\/2022\/08\/icono-metalteco.svg\" alt=\"Metalteco Icon\" \/><a href=\"https:\/\/stage.metalteco.com\/en\/ports-videos\/\"><\/a><\/div><div class=\"eael-entry-thumbnail\">\n                <img loading=\"lazy\" decoding=\"async\" width=\"480\" height=\"480\" src=\"https:\/\/stage.metalteco.com\/wp-content\/uploads\/puertos-videos-miniatura.jpg\" class=\"attachment-full size-full wp-image-301\" alt=\"\" srcset=\"https:\/\/stage.metalteco.com\/wp-content\/uploads\/puertos-videos-miniatura.jpg 480w, https:\/\/stage.metalteco.com\/wp-content\/uploads\/puertos-videos-miniatura-300x300.jpg 300w, https:\/\/stage.metalteco.com\/wp-content\/uploads\/puertos-videos-miniatura-150x150.jpg 150w\" sizes=\"(max-width: 480px) 100vw, 480px\" \/>\n            <\/div>\n        <\/div><div class=\"eael-entry-wrapper\"><header class=\"eael-entry-header\"><h2 class=\"eael-entry-title\"><a class=\"eael-grid-post-link\" href=\"https:\/\/stage.metalteco.com\/en\/ports-videos\/\" title=\"PORT VIDEOS\">PORT VIDEOS<\/a><\/h2><\/header><\/div><\/div>\n        <\/div>\n    <\/article><article class=\"eael-grid-post  eael-post-grid-column eael-pg-post-285\" data-id=\"285\">\n        <div class=\"eael-grid-post-holder\">\n            <div class=\"eael-grid-post-holder-inner\"><div class=\"eael-entry-media\"><div class=\"eael-entry-overlay fade-in\"><img decoding=\"async\" src=\"https:\/\/stage.metalteco.com\/wp-content\/uploads\/2022\/08\/icono-metalteco.svg\" alt=\"Metalteco Icon\" \/><a href=\"https:\/\/stage.metalteco.com\/en\/structures-videos\/\"><\/a><\/div><div class=\"eael-entry-thumbnail\">\n                <img loading=\"lazy\" decoding=\"async\" width=\"480\" height=\"480\" src=\"https:\/\/stage.metalteco.com\/wp-content\/uploads\/estructuras-videos-miniatura.jpg\" class=\"attachment-full size-full wp-image-286\" alt=\"\" srcset=\"https:\/\/stage.metalteco.com\/wp-content\/uploads\/estructuras-videos-miniatura.jpg 480w, https:\/\/stage.metalteco.com\/wp-content\/uploads\/estructuras-videos-miniatura-300x300.jpg 300w, https:\/\/stage.metalteco.com\/wp-content\/uploads\/estructuras-videos-miniatura-150x150.jpg 150w\" sizes=\"(max-width: 480px) 100vw, 480px\" \/>\n            <\/div>\n        <\/div><div class=\"eael-entry-wrapper\"><header class=\"eael-entry-header\"><h2 class=\"eael-entry-title\"><a class=\"eael-grid-post-link\" href=\"https:\/\/stage.metalteco.com\/en\/structures-videos\/\" title=\"STRUCTURES VIDEOS\">STRUCTURES VIDEOS<\/a><\/h2><\/header><\/div><\/div>\n        <\/div>\n    <\/article><\/div>\n            <div class=\"clearfix\"><\/div>\n        <\/div>\t\t\t\t<\/div>\n\t\t\t\t<\/div>\n\t\t\t\t\t<\/div>\n\t\t<\/div>\n\t\t\t\t\t<\/div>\n\t\t<\/section>\n\t\t\t\t<\/div>","protected":false},"excerpt":{"rendered":"<p>CONOCE TODOS NUESTROS VIDEOS. Disfruta de nuestro repertorio de v\u00eddeos. V\u00cdDEOS METALTECO V\u00cdDEOS BALANCEADOS \/ CONCENTRADOS V\u00cdDEOS PALMA V\u00cdDEOS PUERTOS V\u00cdDEOS ESTRUCTURAS<\/p>","protected":false},"author":3,"featured_media":0,"parent":0,"menu_order":0,"comment_status":"closed","ping_status":"closed","template":"elementor_header_footer","meta":{"site-sidebar-layout":"no-sidebar","site-content-layout":"page-builder","ast-site-content-layout":"default","site-content-style":"default","site-sidebar-style":"default","ast-global-header-display":"","ast-banner-title-visibility":"","ast-main-header-display":"","ast-hfb-above-header-display":"","ast-hfb-below-header-display":"","ast-hfb-mobile-header-display":"","site-post-title":"disabled","ast-breadcrumbs-content":"","ast-featured-img":"disabled","footer-sml-layout":"","ast-disable-related-posts":"","theme-transparent-header-meta":"default","adv-header-id-meta":"","stick-header-meta":"","header-above-stick-meta":"","header-main-stick-meta":"","header-below-stick-meta":"","astra-migrate-meta-layouts":"default","ast-page-background-enabled":"default","ast-page-background-meta":{"desktop":{"background-color":"var(--ast-global-color-4)","background-image":"","background-repeat":"repeat","background-position":"center center","background-size":"auto","background-attachment":"scroll","background-type":"","background-media":"","overlay-type":"","overlay-color":"","overlay-opacity":"","overlay-gradient":""},"tablet":{"background-color":"","background-image":"","background-repeat":"repeat","background-position":"center center","background-size":"auto","background-attachment":"scroll","background-type":"","background-media":"","overlay-type":"","overlay-color":"","overlay-opacity":"","overlay-gradient":""},"mobile":{"background-color":"","background-image":"","background-repeat":"repeat","background-position":"center center","background-size":"auto","background-attachment":"scroll","background-type":"","background-media":"","overlay-type":"","overlay-color":"","overlay-opacity":"","overlay-gradient":""}},"ast-content-background-meta":{"desktop":{"background-color":"var(--ast-global-color-5)","background-image":"","background-repeat":"repeat","background-position":"center center","background-size":"auto","background-attachment":"scroll","background-type":"","background-media":"","overlay-type":"","overlay-color":"","overlay-opacity":"","overlay-gradient":""},"tablet":{"background-color":"var(--ast-global-color-5)","background-image":"","background-repeat":"repeat","background-position":"center center","background-size":"auto","background-attachment":"scroll","background-type":"","background-media":"","overlay-type":"","overlay-color":"","overlay-opacity":"","overlay-gradient":""},"mobile":{"background-color":"var(--ast-global-color-5)","background-image":"","background-repeat":"repeat","background-position":"center center","background-size":"auto","background-attachment":"scroll","background-type":"","background-media":"","overlay-type":"","overlay-color":"","overlay-opacity":"","overlay-gradient":""}},"footnotes":""},"class_list":["post-273","page","type-page","status-publish","hentry"],"_links":{"self":[{"href":"https:\/\/stage.metalteco.com\/en\/wp-json\/wp\/v2\/pages\/273","targetHints":{"allow":["GET"]}}],"collection":[{"href":"https:\/\/stage.metalteco.com\/en\/wp-json\/wp\/v2\/pages"}],"about":[{"href":"https:\/\/stage.metalteco.com\/en\/wp-json\/wp\/v2\/types\/page"}],"author":[{"embeddable":true,"href":"https:\/\/stage.metalteco.com\/en\/wp-json\/wp\/v2\/users\/3"}],"replies":[{"embeddable":true,"href":"https:\/\/stage.metalteco.com\/en\/wp-json\/wp\/v2\/comments?post=273"}],"version-history":[{"count":8,"href":"https:\/\/stage.metalteco.com\/en\/wp-json\/wp\/v2\/pages\/273\/revisions"}],"predecessor-version":[{"id":7535,"href":"https:\/\/stage.metalteco.com\/en\/wp-json\/wp\/v2\/pages\/273\/revisions\/7535"}],"wp:attachment":[{"href":"https:\/\/stage.metalteco.com\/en\/wp-json\/wp\/v2\/media?parent=273"}],"curies":[{"name":"wp","href":"https:\/\/api.w.org\/{rel}","templated":true}]}}